{"id":7355,"date":"2020-06-08T19:43:22","date_gmt":"2020-06-08T18:43:22","guid":{"rendered":"https:\/\/alejandrapoupel.com\/?page_id=7355"},"modified":"2020-11-14T11:39:27","modified_gmt":"2020-11-14T10:39:27","slug":"provence-wedding-venues","status":"publish","type":"page","link":"https:\/\/alejandrapoupel.com\/fr\/provence-wedding-venues\/","title":{"rendered":"Nos Lieux de Mariage en Provence"},"content":{"rendered":"<p>Dans votre recherche de lieux de mariage idylliques en Provence, vous trouverez de beaux vignobles, de vastes domaines, des oliveraies et des champs de lavande, et les plus beaux chypriotes du pays. Le charme que les lieux de mariage proven\u00e7aux offrent \u00e0 leurs couples et \u00e0 leurs invit\u00e9s est incomparable, et d\u00e9tiennent de nombreux param\u00e8tres sans pr\u00e9c\u00e9dent. Un mariage \u00e0 destination dans cette r\u00e9gion de la France est id\u00e9al pour les gourmands, les amateurs d&rsquo;art et ceux qui aiment l&rsquo;id\u00e9e de se d\u00e9connecter dans la beaut\u00e9 paisible de la campagne. Vous et vos invit\u00e9s pouvez tous rester ensemble dans des villas dans une seule propri\u00e9t\u00e9 ou vous aventurer en ville pour l&rsquo;h\u00e9bergement. Avec un acc\u00e8s facile en train et en avion \u00e0 la r\u00e9gion, les lieux de mariage en Provence ont vraiment un tout. J&rsquo;ai effectu\u00e9 une petite s\u00e9lection de mes domaines et lieux de pr\u00e9dilection pour les mariages de destination dans la r\u00e9gion et je suis ravie de partager ces propri\u00e9t\u00e9s avec vous.<\/p>\n<p>&nbsp;<\/p>\n<p>Je vous invite \u00e0 jeter un \u0153il \u00e0 nos lieux de mariage pr\u00e9f\u00e9r\u00e9s en Provence et \u00e0 en savoir plus sur ce qui les rend si uniques, \u00e0 quels groupes de taille ils conviennent le mieux et les informations \u00e0 savoir avant de les r\u00e9server. La planification de mariage \u00e0 destination est notre sp\u00e9cialit\u00e9 et avec une base en France, la Provence est l&rsquo;une de nos r\u00e9gions pr\u00e9f\u00e9r\u00e9es pour c\u00e9l\u00e9brer votre union !<\/p>\n<p><a href=\"\/\/www.pinterest.com\/pin\/create\/button\/\" data-pin-do=\"buttonBookmark\" data-pin-color=\"red\" data-pin-height=\"128\"><img decoding=\"async\" src=\"\/\/assets.pinterest.com\/images\/pidgets\/pinit_fg_en_rect_red_28.png\" \/><\/a><\/p>","protected":false},"excerpt":{"rendered":"<p>Dans votre recherche de lieux de mariage idylliques en Provence, vous trouverez de beaux vignobles, de vastes domaines, des oliveraies et des champs de lavande, et les plus beaux chypriotes du pays. Le charme que les lieux de mariage proven\u00e7aux offrent \u00e0 leurs couples et \u00e0 leurs invit\u00e9s est incomparable, et d\u00e9tiennent de nombreux param\u00e8tres [&hellip;]<\/p>\n","protected":false},"author":2,"featured_media":0,"parent":0,"menu_order":0,"comment_status":"closed","ping_status":"closed","template":"venue.php","meta":{"footnotes":""},"tags":[],"class_list":["post-7355","page","type-page","status-publish","hentry"],"yoast_head":"<!-- This site is optimized with the Yoast SEO plugin v20.10 - https:\/\/yoast.com\/wordpress\/plugins\/seo\/ -->\n<title>Best Luxurious Provence wedding venues with elegance and style<\/title>\n<meta name=\"description\" content=\"My favorite Top ten Provence wedding locations that will impress your guests and create an authentic and dreamy atmosphere\" \/>\n<meta name=\"robots\" content=\"index, follow, max-snippet:-1, max-image-preview:large, max-video-preview:-1\" \/>\n<link rel=\"canonical\" href=\"https:\/\/alejandrapoupel.com\/provence-wedding-venues\/\" \/>\n<meta property=\"og:locale\" content=\"fr_FR\" \/>\n<meta property=\"og:type\" content=\"article\" \/>\n<meta property=\"og:title\" content=\"Best Luxurious Provence wedding venues with elegance and style\" \/>\n<meta property=\"og:description\" content=\"My favorite Top ten Provence wedding locations that will impress your guests and create an authentic and dreamy atmosphere\" \/>\n<meta property=\"og:url\" content=\"https:\/\/alejandrapoupel.com\/provence-wedding-venues\/\" \/>\n<meta property=\"article:publisher\" content=\"https:\/\/www.facebook.com\/alejandrapoupelevents\/\" \/>\n<meta property=\"article:modified_time\" content=\"2020-11-14T10:39:27+00:00\" \/>\n<meta property=\"og:image\" content=\"https:\/\/alejandrapoupel.com\/wp-content\/uploads\/2016\/02\/Alejandra-poupel-events-france-event-planner-muliti-alex-1-1-1.jpg\" \/>\n\t<meta property=\"og:image:width\" content=\"1200\" \/>\n\t<meta property=\"og:image:height\" content=\"801\" \/>\n\t<meta property=\"og:image:type\" content=\"image\/jpeg\" \/>\n<meta name=\"twitter:card\" content=\"summary_large_image\" \/>\n<meta name=\"twitter:label1\" content=\"Dur\u00e9e de lecture estim\u00e9e\" \/>\n\t<meta name=\"twitter:data1\" content=\"2 minutes\" \/>\n<script type=\"application\/ld+json\" class=\"yoast-schema-graph\">{\"@context\":\"https:\/\/schema.org\",\"@graph\":[{\"@type\":\"WebPage\",\"@id\":\"https:\/\/alejandrapoupel.com\/provence-wedding-venues\/\",\"url\":\"https:\/\/alejandrapoupel.com\/provence-wedding-venues\/\",\"name\":\"Best Luxurious Provence wedding venues with elegance and style\",\"isPartOf\":{\"@id\":\"https:\/\/alejandrapoupel.com\/#website\"},\"datePublished\":\"2020-06-08T18:43:22+00:00\",\"dateModified\":\"2020-11-14T10:39:27+00:00\",\"description\":\"My favorite Top ten Provence wedding locations that will impress your guests and create an authentic and dreamy atmosphere\",\"breadcrumb\":{\"@id\":\"https:\/\/alejandrapoupel.com\/provence-wedding-venues\/#breadcrumb\"},\"inLanguage\":\"fr-FR\",\"potentialAction\":[{\"@type\":\"ReadAction\",\"target\":[\"https:\/\/alejandrapoupel.com\/provence-wedding-venues\/\"]}]},{\"@type\":\"BreadcrumbList\",\"@id\":\"https:\/\/alejandrapoupel.com\/provence-wedding-venues\/#breadcrumb\",\"itemListElement\":[{\"@type\":\"ListItem\",\"position\":1,\"name\":\"Accueil\",\"item\":\"https:\/\/alejandrapoupel.com\/\"},{\"@type\":\"ListItem\",\"position\":2,\"name\":\"Provence Wedding Venues\"}]},{\"@type\":\"WebSite\",\"@id\":\"https:\/\/alejandrapoupel.com\/#website\",\"url\":\"https:\/\/alejandrapoupel.com\/\",\"name\":\"\",\"description\":\"Wedding &amp; Events Planner in Paris\",\"potentialAction\":[{\"@type\":\"SearchAction\",\"target\":{\"@type\":\"EntryPoint\",\"urlTemplate\":\"https:\/\/alejandrapoupel.com\/?s={search_term_string}\"},\"query-input\":\"required name=search_term_string\"}],\"inLanguage\":\"fr-FR\"}]}<\/script>\n<!-- \/ Yoast SEO plugin. -->","yoast_head_json":{"title":"Best Luxurious Provence wedding venues with elegance and style","description":"My favorite Top ten Provence wedding locations that will impress your guests and create an authentic and dreamy atmosphere","robots":{"index":"index","follow":"follow","max-snippet":"max-snippet:-1","max-image-preview":"max-image-preview:large","max-video-preview":"max-video-preview:-1"},"canonical":"https:\/\/alejandrapoupel.com\/provence-wedding-venues\/","og_locale":"fr_FR","og_type":"article","og_title":"Best Luxurious Provence wedding venues with elegance and style","og_description":"My favorite Top ten Provence wedding locations that will impress your guests and create an authentic and dreamy atmosphere","og_url":"https:\/\/alejandrapoupel.com\/provence-wedding-venues\/","article_publisher":"https:\/\/www.facebook.com\/alejandrapoupelevents\/","article_modified_time":"2020-11-14T10:39:27+00:00","og_image":[{"width":1200,"height":801,"url":"https:\/\/alejandrapoupel.com\/wp-content\/uploads\/2016\/02\/Alejandra-poupel-events-france-event-planner-muliti-alex-1-1-1.jpg","type":"image\/jpeg"}],"twitter_card":"summary_large_image","twitter_misc":{"Dur\u00e9e de lecture estim\u00e9e":"2 minutes"},"schema":{"@context":"https:\/\/schema.org","@graph":[{"@type":"WebPage","@id":"https:\/\/alejandrapoupel.com\/provence-wedding-venues\/","url":"https:\/\/alejandrapoupel.com\/provence-wedding-venues\/","name":"Best Luxurious Provence wedding venues with elegance and style","isPartOf":{"@id":"https:\/\/alejandrapoupel.com\/#website"},"datePublished":"2020-06-08T18:43:22+00:00","dateModified":"2020-11-14T10:39:27+00:00","description":"My favorite Top ten Provence wedding locations that will impress your guests and create an authentic and dreamy atmosphere","breadcrumb":{"@id":"https:\/\/alejandrapoupel.com\/provence-wedding-venues\/#breadcrumb"},"inLanguage":"fr-FR","potentialAction":[{"@type":"ReadAction","target":["https:\/\/alejandrapoupel.com\/provence-wedding-venues\/"]}]},{"@type":"BreadcrumbList","@id":"https:\/\/alejandrapoupel.com\/provence-wedding-venues\/#breadcrumb","itemListElement":[{"@type":"ListItem","position":1,"name":"Accueil","item":"https:\/\/alejandrapoupel.com\/"},{"@type":"ListItem","position":2,"name":"Provence Wedding Venues"}]},{"@type":"WebSite","@id":"https:\/\/alejandrapoupel.com\/#website","url":"https:\/\/alejandrapoupel.com\/","name":"","description":"Wedding &amp; Events Planner in Paris","potentialAction":[{"@type":"SearchAction","target":{"@type":"EntryPoint","urlTemplate":"https:\/\/alejandrapoupel.com\/?s={search_term_string}"},"query-input":"required name=search_term_string"}],"inLanguage":"fr-FR"}]}},"_links":{"self":[{"href":"https:\/\/alejandrapoupel.com\/fr\/wp-json\/wp\/v2\/pages\/7355","targetHints":{"allow":["GET"]}}],"collection":[{"href":"https:\/\/alejandrapoupel.com\/fr\/wp-json\/wp\/v2\/pages"}],"about":[{"href":"https:\/\/alejandrapoupel.com\/fr\/wp-json\/wp\/v2\/types\/page"}],"author":[{"embeddable":true,"href":"https:\/\/alejandrapoupel.com\/fr\/wp-json\/wp\/v2\/users\/2"}],"replies":[{"embeddable":true,"href":"https:\/\/alejandrapoupel.com\/fr\/wp-json\/wp\/v2\/comments?post=7355"}],"version-history":[{"count":0,"href":"https:\/\/alejandrapoupel.com\/fr\/wp-json\/wp\/v2\/pages\/7355\/revisions"}],"wp:attachment":[{"href":"https:\/\/alejandrapoupel.com\/fr\/wp-json\/wp\/v2\/media?parent=7355"}],"wp:term":[{"taxonomy":"post_tag","embeddable":true,"href":"https:\/\/alejandrapoupel.com\/fr\/wp-json\/wp\/v2\/tags?post=7355"}],"curies":[{"name":"wp","href":"https:\/\/api.w.org\/{rel}","templated":true}]}}