{"id":6255,"date":"2020-04-08T09:53:46","date_gmt":"2020-04-08T08:53:46","guid":{"rendered":"https:\/\/alejandrapoupel.com\/?page_id=6255"},"modified":"2020-11-13T16:08:10","modified_gmt":"2020-11-13T15:08:10","slug":"lake-como-wedding-venues","status":"publish","type":"page","link":"https:\/\/alejandrapoupel.com\/fr\/lake-como-wedding-venues\/","title":{"rendered":"Lieux au Lac de C\u00f4me"},"content":{"rendered":"<p>&nbsp;<\/p>\r\n<p>Vous envisagez un mariage \u00e0 destination en Italie?<\/p>\r\n<p>Nous aimons votre style ! Il est fort probable que vous examiniez plusieurs lieux de mariage diff\u00e9rents sur le lac de C\u00f4me tout au long de votre recherche. Chez Alejandra Poupel Events, notre expertise est dans les mariages \u00e0 destination europ\u00e9enne, avec une vaste base de connaissances dans les \u00e9v\u00e9nements italiens. En Italie, le lac de C\u00f4me est l&rsquo;un de nos lieux de mariage pr\u00e9f\u00e9r\u00e9s. Les magnifiques jardins, les villas historiques, les vues uniques et certains des professionnels de la conception d&rsquo;\u00e9v\u00e9nements les plus cr\u00e9atifs de toute l&rsquo;Europe se trouvent dans cette r\u00e9gion!<\/p>\r\n<p>Nous avons investi du temps pour visiter, parler, rester, pr\u00e9parer et souvent travailler dans certains des lieux de mariage les plus glamour et luxueux du lac de C\u00f4me et nous voulons partager nos exp\u00e9riences et nos favoris avec vous. Pour un mariage \u00e0 destination du lac de C\u00f4me, d\u00e9couvrez ce qui rend ces lieux de mariage si sp\u00e9ciaux.<\/p>\r\n<p>&nbsp;<\/p>\r\n\r\n<p>&nbsp;<\/p>\r\n<p><a href=\"\/\/www.pinterest.com\/pin\/create\/button\/\" data-pin-do=\"buttonBookmark\" data-pin-color=\"red\" data-pin-height=\"128\"><img decoding=\"async\" src=\"\/\/assets.pinterest.com\/images\/pidgets\/pinit_fg_en_rect_red_28.png\" \/><\/a><\/p>","protected":false},"excerpt":{"rendered":"<p>&nbsp; Vous envisagez un mariage \u00e0 destination en Italie? Nous aimons votre style ! Il est fort probable que vous examiniez plusieurs lieux de mariage diff\u00e9rents sur le lac de C\u00f4me tout au long de votre recherche. Chez Alejandra Poupel Events, notre expertise est dans les mariages \u00e0 destination europ\u00e9enne, avec une vaste base de [&hellip;]<\/p>\n","protected":false},"author":1,"featured_media":0,"parent":0,"menu_order":0,"comment_status":"closed","ping_status":"closed","template":"venue.php","meta":{"footnotes":""},"tags":[],"class_list":["post-6255","page","type-page","status-publish","hentry"],"yoast_head":"<!-- This site is optimized with the Yoast SEO plugin v20.10 - https:\/\/yoast.com\/wordpress\/plugins\/seo\/ -->\n<title>Luxury Lake Como Wedding Ceremony Venues in Italy<\/title>\n<meta name=\"description\" content=\"My favorite lake como wedding venues with spetacular views to the lake including historical mansions and villas and castles built in 1700s\" \/>\n<meta name=\"robots\" content=\"index, follow, max-snippet:-1, max-image-preview:large, max-video-preview:-1\" \/>\n<link rel=\"canonical\" href=\"https:\/\/alejandrapoupel.com\/lake-como-wedding-venues\/\" \/>\n<meta property=\"og:locale\" content=\"fr_FR\" \/>\n<meta property=\"og:type\" content=\"article\" \/>\n<meta property=\"og:title\" content=\"Luxury Lake Como Wedding Ceremony Venues in Italy\" \/>\n<meta property=\"og:description\" content=\"My favorite lake como wedding venues with spetacular views to the lake including historical mansions and villas and castles built in 1700s\" \/>\n<meta property=\"og:url\" content=\"https:\/\/alejandrapoupel.com\/lake-como-wedding-venues\/\" \/>\n<meta property=\"article:publisher\" content=\"https:\/\/www.facebook.com\/alejandrapoupelevents\/\" \/>\n<meta property=\"article:modified_time\" content=\"2020-11-13T15:08:10+00:00\" \/>\n<meta property=\"og:image\" content=\"https:\/\/alejandrapoupel.com\/wp-content\/uploads\/2016\/02\/Alejandra-poupel-events-france-event-planner-muliti-alex-1-1-1.jpg\" \/>\n\t<meta property=\"og:image:width\" content=\"1200\" \/>\n\t<meta property=\"og:image:height\" content=\"801\" \/>\n\t<meta property=\"og:image:type\" content=\"image\/jpeg\" \/>\n<meta name=\"twitter:card\" content=\"summary_large_image\" \/>\n<meta name=\"twitter:label1\" content=\"Dur\u00e9e de lecture estim\u00e9e\" \/>\n\t<meta name=\"twitter:data1\" content=\"2 minutes\" \/>\n<script type=\"application\/ld+json\" class=\"yoast-schema-graph\">{\"@context\":\"https:\/\/schema.org\",\"@graph\":[{\"@type\":\"WebPage\",\"@id\":\"https:\/\/alejandrapoupel.com\/lake-como-wedding-venues\/\",\"url\":\"https:\/\/alejandrapoupel.com\/lake-como-wedding-venues\/\",\"name\":\"Luxury Lake Como Wedding Ceremony Venues in Italy\",\"isPartOf\":{\"@id\":\"https:\/\/alejandrapoupel.com\/#website\"},\"datePublished\":\"2020-04-08T08:53:46+00:00\",\"dateModified\":\"2020-11-13T15:08:10+00:00\",\"description\":\"My favorite lake como wedding venues with spetacular views to the lake including historical mansions and villas and castles built in 1700s\",\"breadcrumb\":{\"@id\":\"https:\/\/alejandrapoupel.com\/lake-como-wedding-venues\/#breadcrumb\"},\"inLanguage\":\"fr-FR\",\"potentialAction\":[{\"@type\":\"ReadAction\",\"target\":[\"https:\/\/alejandrapoupel.com\/lake-como-wedding-venues\/\"]}]},{\"@type\":\"BreadcrumbList\",\"@id\":\"https:\/\/alejandrapoupel.com\/lake-como-wedding-venues\/#breadcrumb\",\"itemListElement\":[{\"@type\":\"ListItem\",\"position\":1,\"name\":\"Accueil\",\"item\":\"https:\/\/alejandrapoupel.com\/\"},{\"@type\":\"ListItem\",\"position\":2,\"name\":\"Lake Como venues\"}]},{\"@type\":\"WebSite\",\"@id\":\"https:\/\/alejandrapoupel.com\/#website\",\"url\":\"https:\/\/alejandrapoupel.com\/\",\"name\":\"\",\"description\":\"Wedding &amp; Events Planner in Paris\",\"potentialAction\":[{\"@type\":\"SearchAction\",\"target\":{\"@type\":\"EntryPoint\",\"urlTemplate\":\"https:\/\/alejandrapoupel.com\/?s={search_term_string}\"},\"query-input\":\"required name=search_term_string\"}],\"inLanguage\":\"fr-FR\"}]}<\/script>\n<!-- \/ Yoast SEO plugin. -->","yoast_head_json":{"title":"Luxury Lake Como Wedding Ceremony Venues in Italy","description":"My favorite lake como wedding venues with spetacular views to the lake including historical mansions and villas and castles built in 1700s","robots":{"index":"index","follow":"follow","max-snippet":"max-snippet:-1","max-image-preview":"max-image-preview:large","max-video-preview":"max-video-preview:-1"},"canonical":"https:\/\/alejandrapoupel.com\/lake-como-wedding-venues\/","og_locale":"fr_FR","og_type":"article","og_title":"Luxury Lake Como Wedding Ceremony Venues in Italy","og_description":"My favorite lake como wedding venues with spetacular views to the lake including historical mansions and villas and castles built in 1700s","og_url":"https:\/\/alejandrapoupel.com\/lake-como-wedding-venues\/","article_publisher":"https:\/\/www.facebook.com\/alejandrapoupelevents\/","article_modified_time":"2020-11-13T15:08:10+00:00","og_image":[{"width":1200,"height":801,"url":"https:\/\/alejandrapoupel.com\/wp-content\/uploads\/2016\/02\/Alejandra-poupel-events-france-event-planner-muliti-alex-1-1-1.jpg","type":"image\/jpeg"}],"twitter_card":"summary_large_image","twitter_misc":{"Dur\u00e9e de lecture estim\u00e9e":"2 minutes"},"schema":{"@context":"https:\/\/schema.org","@graph":[{"@type":"WebPage","@id":"https:\/\/alejandrapoupel.com\/lake-como-wedding-venues\/","url":"https:\/\/alejandrapoupel.com\/lake-como-wedding-venues\/","name":"Luxury Lake Como Wedding Ceremony Venues in Italy","isPartOf":{"@id":"https:\/\/alejandrapoupel.com\/#website"},"datePublished":"2020-04-08T08:53:46+00:00","dateModified":"2020-11-13T15:08:10+00:00","description":"My favorite lake como wedding venues with spetacular views to the lake including historical mansions and villas and castles built in 1700s","breadcrumb":{"@id":"https:\/\/alejandrapoupel.com\/lake-como-wedding-venues\/#breadcrumb"},"inLanguage":"fr-FR","potentialAction":[{"@type":"ReadAction","target":["https:\/\/alejandrapoupel.com\/lake-como-wedding-venues\/"]}]},{"@type":"BreadcrumbList","@id":"https:\/\/alejandrapoupel.com\/lake-como-wedding-venues\/#breadcrumb","itemListElement":[{"@type":"ListItem","position":1,"name":"Accueil","item":"https:\/\/alejandrapoupel.com\/"},{"@type":"ListItem","position":2,"name":"Lake Como venues"}]},{"@type":"WebSite","@id":"https:\/\/alejandrapoupel.com\/#website","url":"https:\/\/alejandrapoupel.com\/","name":"","description":"Wedding &amp; Events Planner in Paris","potentialAction":[{"@type":"SearchAction","target":{"@type":"EntryPoint","urlTemplate":"https:\/\/alejandrapoupel.com\/?s={search_term_string}"},"query-input":"required name=search_term_string"}],"inLanguage":"fr-FR"}]}},"_links":{"self":[{"href":"https:\/\/alejandrapoupel.com\/fr\/wp-json\/wp\/v2\/pages\/6255","targetHints":{"allow":["GET"]}}],"collection":[{"href":"https:\/\/alejandrapoupel.com\/fr\/wp-json\/wp\/v2\/pages"}],"about":[{"href":"https:\/\/alejandrapoupel.com\/fr\/wp-json\/wp\/v2\/types\/page"}],"author":[{"embeddable":true,"href":"https:\/\/alejandrapoupel.com\/fr\/wp-json\/wp\/v2\/users\/1"}],"replies":[{"embeddable":true,"href":"https:\/\/alejandrapoupel.com\/fr\/wp-json\/wp\/v2\/comments?post=6255"}],"version-history":[{"count":0,"href":"https:\/\/alejandrapoupel.com\/fr\/wp-json\/wp\/v2\/pages\/6255\/revisions"}],"wp:attachment":[{"href":"https:\/\/alejandrapoupel.com\/fr\/wp-json\/wp\/v2\/media?parent=6255"}],"wp:term":[{"taxonomy":"post_tag","embeddable":true,"href":"https:\/\/alejandrapoupel.com\/fr\/wp-json\/wp\/v2\/tags?post=6255"}],"curies":[{"name":"wp","href":"https:\/\/api.w.org\/{rel}","templated":true}]}}