{"id":3839,"date":"2018-09-25T19:58:22","date_gmt":"2018-09-25T18:58:22","guid":{"rendered":"https:\/\/alejandrapoupel.com\/?page_id=3839"},"modified":"2020-11-16T09:59:16","modified_gmt":"2020-11-16T08:59:16","slug":"shangrila","status":"publish","type":"page","link":"https:\/\/alejandrapoupel.com\/fr\/paris-wedding-locations\/shangrila\/","title":{"rendered":"Shangri-La"},"content":{"rendered":"<p>&nbsp;<\/p>\n<p>Avec un grand escalier \u00e0 l&rsquo;entr\u00e9e de ces appartements historiques, vous aurez un endroit id\u00e9al pour les portraits de mari\u00e9e et un moment percutant pour vos invit\u00e9s \u00e0 leur arriv\u00e9e. L&rsquo;H\u00f4tel Shangri-La est l&rsquo;un des meilleurs h\u00f4tels de mariage \u00e0 Paris. Situ\u00e9 au c\u0153ur du 16e arrondissement, cette propri\u00e9t\u00e9 \u00e9tait autrefois la maison familiale de Napol\u00e9on. Bien que ce soit un h\u00f4tel de luxe aujourd&rsquo;hui, il peut certainement \u00eatre aussi accueillant que chez soi.<\/p>\n<p>Cet h\u00f4tel de mariage \u00e0 Paris est id\u00e9al pour un mariage plus intime. Le Grand Salon convient parfaitement \u00e0 80 \u00e0 100 personnes, tandis que la Salle \u00e0 Manger peut accueillir 90 convives pour le d\u00eener. Si vous avez 50 personnes ou moins, une f\u00eate sur la terrasse avec vue sur la Tour Eiffel est id\u00e9ale. Les cocktails ou une r\u00e9ception de bienvenue sont d\u00e9licieux.<\/p>\n<p>Je recommande d&rsquo;organiser un d\u00eener au Grand Salon, une belle salle de bal dor\u00e9e avec de hauts plafonds et une atmosph\u00e8re royale. Cet espace est \u00e9galement id\u00e9al pour les c\u00e9r\u00e9monies ou les cocktails si le nombre d&rsquo;invit\u00e9s est plus important. Direction le Salon Napol\u00e9on Bonaparte pour d\u00eener et danser! Une alternative est de danser en bas dans le Salon Roland Bonaparte, qui peut accueillir des soir\u00e9es tardives jusqu&rsquo;\u00e0 160 personnes. En fin de compte, vous avez les merveilleurs options.<\/p>\n<p>Ensuite, une fois que vous aurez s\u00e9lectionn\u00e9 vos espaces, vous d\u00e9lecterez de la cuisine. La restauration du chef Christophe Moret ne vous d\u00e9cevra pas. L&rsquo;exp\u00e9rience gastronomique est celle dont vous et vos invit\u00e9s se souviendront.<\/p>\n<p>Avant et apr\u00e8s le jour du mariage, r\u00e9servez la suite Shangri-La pour la pr\u00e9paration le jour J et votre nuit de noces. C\u2019est la meilleure suite nuptiale de Paris! Avec une d\u00e9coration chaleureuse et moderne et un immense balcon avec vue sur la Tour Eiffel, il n&rsquo;est pas \u00e9tonnant que l&rsquo;h\u00f4tel Shangri-La soit l&rsquo;un des meilleurs h\u00f4tels de mariage \u00e0 Paris.<\/p>\n<p>&nbsp;<\/p>\n<p><a href=\"\/\/www.pinterest.com\/pin\/create\/button\/\" data-pin-do=\"buttonBookmark\" data-pin-color=\"red\" data-pin-height=\"128\"><img decoding=\"async\" src=\"\/\/assets.pinterest.com\/images\/pidgets\/pinit_fg_en_rect_red_28.png\" \/><\/a><\/p>","protected":false},"excerpt":{"rendered":"<p>&nbsp; Avec un grand escalier \u00e0 l&rsquo;entr\u00e9e de ces appartements historiques, vous aurez un endroit id\u00e9al pour les portraits de mari\u00e9e et un moment percutant pour vos invit\u00e9s \u00e0 leur arriv\u00e9e. L&rsquo;H\u00f4tel Shangri-La est l&rsquo;un des meilleurs h\u00f4tels de mariage \u00e0 Paris. Situ\u00e9 au c\u0153ur du 16e arrondissement, cette propri\u00e9t\u00e9 \u00e9tait autrefois la maison familiale [&hellip;]<\/p>\n","protected":false},"author":1,"featured_media":3813,"parent":3282,"menu_order":0,"comment_status":"closed","ping_status":"closed","template":"venueSingle.php","meta":{"footnotes":""},"tags":[],"class_list":["post-3839","page","type-page","status-publish","has-post-thumbnail","hentry"],"yoast_head":"<!-- This site is optimized with the Yoast SEO plugin v20.10 - https:\/\/yoast.com\/wordpress\/plugins\/seo\/ -->\n<title>Shangri-La  -<\/title>\n<meta name=\"robots\" content=\"index, follow, max-snippet:-1, max-image-preview:large, max-video-preview:-1\" \/>\n<link rel=\"canonical\" href=\"https:\/\/alejandrapoupel.com\/fr\/paris-wedding-locations\/shangrila\/\" \/>\n<meta property=\"og:locale\" content=\"fr_FR\" \/>\n<meta property=\"og:type\" content=\"article\" \/>\n<meta property=\"og:title\" content=\"[:en]Shangri La[:fr]Shangri-La [:] -\" \/>\n<meta property=\"og:description\" content=\"&nbsp; Avec un grand escalier \u00e0 l&rsquo;entr\u00e9e de ces appartements historiques, vous aurez un endroit id\u00e9al pour les portraits de mari\u00e9e et un moment percutant pour vos invit\u00e9s \u00e0 leur arriv\u00e9e. L&rsquo;H\u00f4tel Shangri-La est l&rsquo;un des meilleurs h\u00f4tels de mariage \u00e0 Paris. Situ\u00e9 au c\u0153ur du 16e arrondissement, cette propri\u00e9t\u00e9 \u00e9tait autrefois la maison familiale [&hellip;]\" \/>\n<meta property=\"og:url\" content=\"https:\/\/alejandrapoupel.com\/fr\/paris-wedding-locations\/shangrila\/\" \/>\n<meta property=\"article:publisher\" content=\"https:\/\/www.facebook.com\/alejandrapoupelevents\/\" \/>\n<meta property=\"article:modified_time\" content=\"2020-11-16T08:59:16+00:00\" \/>\n<meta property=\"og:image\" content=\"https:\/\/alejandrapoupel.com\/wp-content\/uploads\/2018\/09\/shangrila-serpent-table-copy.png\" \/>\n\t<meta property=\"og:image:width\" content=\"1920\" \/>\n\t<meta property=\"og:image:height\" content=\"1264\" \/>\n\t<meta property=\"og:image:type\" content=\"image\/png\" \/>\n<meta name=\"twitter:card\" content=\"summary_large_image\" \/>\n<meta name=\"twitter:label1\" content=\"Dur\u00e9e de lecture estim\u00e9e\" \/>\n\t<meta name=\"twitter:data1\" content=\"3 minutes\" \/>\n<script type=\"application\/ld+json\" class=\"yoast-schema-graph\">{\"@context\":\"https:\/\/schema.org\",\"@graph\":[{\"@type\":\"WebPage\",\"@id\":\"https:\/\/alejandrapoupel.com\/fr\/paris-wedding-locations\/shangrila\/\",\"url\":\"https:\/\/alejandrapoupel.com\/fr\/paris-wedding-locations\/shangrila\/\",\"name\":\"[:en]Shangri La[:fr]Shangri-La [:] -\",\"isPartOf\":{\"@id\":\"https:\/\/alejandrapoupel.com\/#website\"},\"datePublished\":\"2018-09-25T18:58:22+00:00\",\"dateModified\":\"2020-11-16T08:59:16+00:00\",\"breadcrumb\":{\"@id\":\"https:\/\/alejandrapoupel.com\/fr\/paris-wedding-locations\/shangrila\/#breadcrumb\"},\"inLanguage\":\"fr-FR\",\"potentialAction\":[{\"@type\":\"ReadAction\",\"target\":[\"https:\/\/alejandrapoupel.com\/fr\/paris-wedding-locations\/shangrila\/\"]}]},{\"@type\":\"BreadcrumbList\",\"@id\":\"https:\/\/alejandrapoupel.com\/fr\/paris-wedding-locations\/shangrila\/#breadcrumb\",\"itemListElement\":[{\"@type\":\"ListItem\",\"position\":1,\"name\":\"Accueil\",\"item\":\"https:\/\/alejandrapoupel.com\/\"},{\"@type\":\"ListItem\",\"position\":2,\"name\":\"Nos lieux favoris \u00e0 Paris\",\"item\":\"https:\/\/alejandrapoupel.com\/fr\/paris-wedding-locations\/\"},{\"@type\":\"ListItem\",\"position\":3,\"name\":\"Shangri-La\"}]},{\"@type\":\"WebSite\",\"@id\":\"https:\/\/alejandrapoupel.com\/#website\",\"url\":\"https:\/\/alejandrapoupel.com\/\",\"name\":\"\",\"description\":\"Wedding &amp; Events Planner in Paris\",\"potentialAction\":[{\"@type\":\"SearchAction\",\"target\":{\"@type\":\"EntryPoint\",\"urlTemplate\":\"https:\/\/alejandrapoupel.com\/?s={search_term_string}\"},\"query-input\":\"required name=search_term_string\"}],\"inLanguage\":\"fr-FR\"}]}<\/script>\n<!-- \/ Yoast SEO plugin. -->","yoast_head_json":{"title":"[:en]Shangri La[:fr]Shangri-La [:] -","robots":{"index":"index","follow":"follow","max-snippet":"max-snippet:-1","max-image-preview":"max-image-preview:large","max-video-preview":"max-video-preview:-1"},"canonical":"https:\/\/alejandrapoupel.com\/fr\/paris-wedding-locations\/shangrila\/","og_locale":"fr_FR","og_type":"article","og_title":"[:en]Shangri La[:fr]Shangri-La [:] -","og_description":"&nbsp; Avec un grand escalier \u00e0 l&rsquo;entr\u00e9e de ces appartements historiques, vous aurez un endroit id\u00e9al pour les portraits de mari\u00e9e et un moment percutant pour vos invit\u00e9s \u00e0 leur arriv\u00e9e. L&rsquo;H\u00f4tel Shangri-La est l&rsquo;un des meilleurs h\u00f4tels de mariage \u00e0 Paris. Situ\u00e9 au c\u0153ur du 16e arrondissement, cette propri\u00e9t\u00e9 \u00e9tait autrefois la maison familiale [&hellip;]","og_url":"https:\/\/alejandrapoupel.com\/fr\/paris-wedding-locations\/shangrila\/","article_publisher":"https:\/\/www.facebook.com\/alejandrapoupelevents\/","article_modified_time":"2020-11-16T08:59:16+00:00","og_image":[{"width":"1920","height":"1264","url":"https:\/\/alejandrapoupel.com\/wp-content\/uploads\/2018\/09\/shangrila-serpent-table-copy.png","type":"image\/png"}],"twitter_card":"summary_large_image","twitter_misc":{"Dur\u00e9e de lecture estim\u00e9e":"3 minutes"},"schema":{"@context":"https:\/\/schema.org","@graph":[{"@type":"WebPage","@id":"https:\/\/alejandrapoupel.com\/fr\/paris-wedding-locations\/shangrila\/","url":"https:\/\/alejandrapoupel.com\/fr\/paris-wedding-locations\/shangrila\/","name":"[:en]Shangri La[:fr]Shangri-La [:] -","isPartOf":{"@id":"https:\/\/alejandrapoupel.com\/#website"},"datePublished":"2018-09-25T18:58:22+00:00","dateModified":"2020-11-16T08:59:16+00:00","breadcrumb":{"@id":"https:\/\/alejandrapoupel.com\/fr\/paris-wedding-locations\/shangrila\/#breadcrumb"},"inLanguage":"fr-FR","potentialAction":[{"@type":"ReadAction","target":["https:\/\/alejandrapoupel.com\/fr\/paris-wedding-locations\/shangrila\/"]}]},{"@type":"BreadcrumbList","@id":"https:\/\/alejandrapoupel.com\/fr\/paris-wedding-locations\/shangrila\/#breadcrumb","itemListElement":[{"@type":"ListItem","position":1,"name":"Accueil","item":"https:\/\/alejandrapoupel.com\/"},{"@type":"ListItem","position":2,"name":"Nos lieux favoris \u00e0 Paris","item":"https:\/\/alejandrapoupel.com\/fr\/paris-wedding-locations\/"},{"@type":"ListItem","position":3,"name":"Shangri-La"}]},{"@type":"WebSite","@id":"https:\/\/alejandrapoupel.com\/#website","url":"https:\/\/alejandrapoupel.com\/","name":"","description":"Wedding &amp; Events Planner in Paris","potentialAction":[{"@type":"SearchAction","target":{"@type":"EntryPoint","urlTemplate":"https:\/\/alejandrapoupel.com\/?s={search_term_string}"},"query-input":"required name=search_term_string"}],"inLanguage":"fr-FR"}]}},"_links":{"self":[{"href":"https:\/\/alejandrapoupel.com\/fr\/wp-json\/wp\/v2\/pages\/3839","targetHints":{"allow":["GET"]}}],"collection":[{"href":"https:\/\/alejandrapoupel.com\/fr\/wp-json\/wp\/v2\/pages"}],"about":[{"href":"https:\/\/alejandrapoupel.com\/fr\/wp-json\/wp\/v2\/types\/page"}],"author":[{"embeddable":true,"href":"https:\/\/alejandrapoupel.com\/fr\/wp-json\/wp\/v2\/users\/1"}],"replies":[{"embeddable":true,"href":"https:\/\/alejandrapoupel.com\/fr\/wp-json\/wp\/v2\/comments?post=3839"}],"version-history":[{"count":0,"href":"https:\/\/alejandrapoupel.com\/fr\/wp-json\/wp\/v2\/pages\/3839\/revisions"}],"up":[{"embeddable":true,"href":"https:\/\/alejandrapoupel.com\/fr\/wp-json\/wp\/v2\/pages\/3282"}],"wp:featuredmedia":[{"embeddable":true,"href":"https:\/\/alejandrapoupel.com\/fr\/wp-json\/wp\/v2\/media\/3813"}],"wp:attachment":[{"href":"https:\/\/alejandrapoupel.com\/fr\/wp-json\/wp\/v2\/media?parent=3839"}],"wp:term":[{"taxonomy":"post_tag","embeddable":true,"href":"https:\/\/alejandrapoupel.com\/fr\/wp-json\/wp\/v2\/tags?post=3839"}],"curies":[{"name":"wp","href":"https:\/\/api.w.org\/{rel}","templated":true}]}}