{"id":3817,"date":"2018-09-25T19:13:04","date_gmt":"2018-09-25T18:13:04","guid":{"rendered":"https:\/\/alejandrapoupel.com\/?page_id=3817"},"modified":"2022-01-15T18:20:11","modified_gmt":"2022-01-15T17:20:11","slug":"chateau-de-chantilly","status":"publish","type":"page","link":"https:\/\/alejandrapoupel.com\/fr\/paris-wedding-locations\/chateau-de-chantilly\/","title":{"rendered":"Ch\u00e2teau de Chantilly"},"content":{"rendered":"<p>&nbsp;<\/p>\n<p>La France regorge de beaux ch\u00e2teaux pour les mariages, mais peu sont aussi sp\u00e9ciaux. Un de mes ch\u00e2teaux pr\u00e9f\u00e9r\u00e9s est \u00e0 moins d&rsquo;une heure de Paris et a une histoire merveilleuse pour ceux qui aiment les beaux-arts. Le Ch\u00e2teau de Chantilly est ouvert au public et est connu comme l&rsquo;un des plus beaux \u00e9l\u00e9ments du patrimoine culturel fran\u00e7ais. La propri\u00e9t\u00e9 a \u00e9t\u00e9 construite pour Henri d\u2019Orl\u00e9ans, fils du roi de France, Louis-Philippe et lui a permit de pr\u00e9senter sa collection de chefs-d\u2019\u0153uvre. Le ch\u00e2teau poss\u00e8de actuellement la deuxi\u00e8me plus grande collection de peintures anciennes, apr\u00e8s le Louvre.<br \/>\nLes jardins sont divins pour une c\u00e9r\u00e9monie de mariage nich\u00e9e au milieu de la verdure. L&rsquo;\u00eele de l&rsquo;amour est un jardin de style plus anglais tandis que les jardins classiques fran\u00e7ais offrent une arriv\u00e9e sur un pont romantique. Les deux sont \u00e9galement sp\u00e9ciaux, vous offrant d&rsquo;excellentes options pour une grande entr\u00e9e et une c\u00e9r\u00e9monie chic. Imaginez une robe de mari\u00e9e flottant au-dessus de l&rsquo;eau dans une longue all\u00e9e tandis qu&rsquo;une mari\u00e9e descend. \u00c0 couper le souffle est un euph\u00e9misme ici.<br \/>\nPour le cocktail nous recommandons de l&rsquo;organiser au sein des grands salons de style XVIIIe si\u00e8cle (si votre mariage compte plus de 50 invit\u00e9s). Pour les petites r\u00e9ceptions, imaginez une longue table royale pour un d\u00eener entour\u00e9 d&rsquo;\u0153uvres d&rsquo;art anciennes.<br \/>\nPour de plus grandes f\u00eates de mariage dans ce ch\u00e2teau, vous pouvez proc\u00e9der \u00e0 un d\u00eener dans la galerie de peinture et la rotonde, qui sont le c\u0153ur du mus\u00e9e Cond\u00e9. Votre somptueux repas sera entour\u00e9 de 85 tableaux du pass\u00e9.<br \/>\nPuis, quand il est temps de danser, nous aimons faire entrer les invit\u00e9s dans la Capitainerie. Cela ressemble \u00e0 un d\u00f4me de cave \u00e0 vin, o\u00f9 nous pouvons accueillir la soir\u00e9e dansante jusqu&rsquo;\u00e0 2h du matin. Alternativement, des feux d&rsquo;artifice, du vid\u00e9omapping et une soir\u00e9e dansante sous tente peuvent avoir lieu \u00e0 l&rsquo;ext\u00e9rieur pour une f\u00eate compl\u00e8tement diff\u00e9rente.<\/p>\n<p>&nbsp;<\/p>\n<p>&nbsp;<\/p>\n<p>Il est important de bien savoir le nombre d&rsquo;invit\u00e9s avant de r\u00e9server ici. La taille de votre f\u00eate peut avoir un impact consid\u00e9rable sur les espaces que vous pouvez utiliser pour l&rsquo;\u00e9v\u00e9nement. Tous sont merveilleux, mais chacun cr\u00e9e un environnement et une atmosph\u00e8re de mariage diff\u00e9rente.<\/p>\n<p>Astuce d\u2019Alejandra Poupel : Si vous avez une taille de mariage exceptionnellement grande, pensez \u00e0 d\u00eener et \u00e0 danser dans les \u00e9curies pour une toute autre exp\u00e9rience de mariage.<\/p>\n<p><a href=\"\/\/www.pinterest.com\/pin\/create\/button\/\" data-pin-do=\"buttonBookmark\" data-pin-color=\"red\" data-pin-height=\"128\"><img decoding=\"async\" src=\"\/\/assets.pinterest.com\/images\/pidgets\/pinit_fg_en_rect_red_28.png\" \/><\/a><\/p>","protected":false},"excerpt":{"rendered":"<p>&nbsp; La France regorge de beaux ch\u00e2teaux pour les mariages, mais peu sont aussi sp\u00e9ciaux. Un de mes ch\u00e2teaux pr\u00e9f\u00e9r\u00e9s est \u00e0 moins d&rsquo;une heure de Paris et a une histoire merveilleuse pour ceux qui aiment les beaux-arts. Le Ch\u00e2teau de Chantilly est ouvert au public et est connu comme l&rsquo;un des plus beaux \u00e9l\u00e9ments [&hellip;]<\/p>\n","protected":false},"author":1,"featured_media":8247,"parent":3282,"menu_order":0,"comment_status":"closed","ping_status":"closed","template":"","meta":{"footnotes":""},"tags":[45,216],"class_list":["post-3817","page","type-page","status-publish","has-post-thumbnail","hentry","tag-france","tag-paris"],"yoast_head":"<!-- This site is optimized with the Yoast SEO plugin v20.10 - https:\/\/yoast.com\/wordpress\/plugins\/seo\/ -->\n<title>(EN) Chateau Wedding in Paris by Alejandra Poupel events<\/title>\n<meta name=\"description\" content=\"(EN) Chateau de Chantillu is one of the Exceptional Castle Wedding Venues in France that will dazzle your guests with romance and majestic landscapes\" \/>\n<meta name=\"robots\" content=\"index, follow, max-snippet:-1, max-image-preview:large, max-video-preview:-1\" \/>\n<link rel=\"canonical\" href=\"https:\/\/alejandrapoupel.com\/fr\/paris-wedding-locations\/chateau-de-chantilly\/\" \/>\n<meta property=\"og:locale\" content=\"fr_FR\" \/>\n<meta property=\"og:type\" content=\"article\" \/>\n<meta property=\"og:title\" content=\"(EN) Chateau Wedding in Paris by Alejandra Poupel events\" \/>\n<meta property=\"og:description\" content=\"(EN) Chateau de Chantillu is one of the Exceptional Castle Wedding Venues in France that will dazzle your guests with romance and majestic landscapes\" \/>\n<meta property=\"og:url\" content=\"https:\/\/alejandrapoupel.com\/fr\/paris-wedding-locations\/chateau-de-chantilly\/\" \/>\n<meta property=\"article:publisher\" content=\"https:\/\/www.facebook.com\/alejandrapoupelevents\/\" \/>\n<meta property=\"article:modified_time\" content=\"2022-01-15T17:20:11+00:00\" \/>\n<meta property=\"og:image\" content=\"https:\/\/alejandrapoupel.com\/wp-content\/uploads\/2022\/01\/Chateau-de-Chantilly-Alejandra-Poupel-Events-Top-Wedding-Planner-Paris-11-scaled.jpg\" \/>\n\t<meta property=\"og:image:width\" content=\"2560\" \/>\n\t<meta property=\"og:image:height\" content=\"1707\" \/>\n\t<meta property=\"og:image:type\" content=\"image\/jpeg\" \/>\n<meta name=\"twitter:card\" content=\"summary_large_image\" \/>\n<meta name=\"twitter:label1\" content=\"Dur\u00e9e de lecture estim\u00e9e\" \/>\n\t<meta name=\"twitter:data1\" content=\"4 minutes\" \/>\n<script type=\"application\/ld+json\" class=\"yoast-schema-graph\">{\"@context\":\"https:\/\/schema.org\",\"@graph\":[{\"@type\":\"WebPage\",\"@id\":\"https:\/\/alejandrapoupel.com\/fr\/paris-wedding-locations\/chateau-de-chantilly\/\",\"url\":\"https:\/\/alejandrapoupel.com\/fr\/paris-wedding-locations\/chateau-de-chantilly\/\",\"name\":\"(EN) Chateau Wedding in Paris by Alejandra Poupel events\",\"isPartOf\":{\"@id\":\"https:\/\/alejandrapoupel.com\/#website\"},\"datePublished\":\"2018-09-25T18:13:04+00:00\",\"dateModified\":\"2022-01-15T17:20:11+00:00\",\"description\":\"(EN) Chateau de Chantillu is one of the Exceptional Castle Wedding Venues in France that will dazzle your guests with romance and majestic landscapes\",\"breadcrumb\":{\"@id\":\"https:\/\/alejandrapoupel.com\/fr\/paris-wedding-locations\/chateau-de-chantilly\/#breadcrumb\"},\"inLanguage\":\"fr-FR\",\"potentialAction\":[{\"@type\":\"ReadAction\",\"target\":[\"https:\/\/alejandrapoupel.com\/fr\/paris-wedding-locations\/chateau-de-chantilly\/\"]}]},{\"@type\":\"BreadcrumbList\",\"@id\":\"https:\/\/alejandrapoupel.com\/fr\/paris-wedding-locations\/chateau-de-chantilly\/#breadcrumb\",\"itemListElement\":[{\"@type\":\"ListItem\",\"position\":1,\"name\":\"Accueil\",\"item\":\"https:\/\/alejandrapoupel.com\/\"},{\"@type\":\"ListItem\",\"position\":2,\"name\":\"Nos lieux favoris \u00e0 Paris\",\"item\":\"https:\/\/alejandrapoupel.com\/fr\/paris-wedding-locations\/\"},{\"@type\":\"ListItem\",\"position\":3,\"name\":\"Ch\u00e2teau de Chantilly\"}]},{\"@type\":\"WebSite\",\"@id\":\"https:\/\/alejandrapoupel.com\/#website\",\"url\":\"https:\/\/alejandrapoupel.com\/\",\"name\":\"\",\"description\":\"Wedding &amp; Events Planner in Paris\",\"potentialAction\":[{\"@type\":\"SearchAction\",\"target\":{\"@type\":\"EntryPoint\",\"urlTemplate\":\"https:\/\/alejandrapoupel.com\/?s={search_term_string}\"},\"query-input\":\"required name=search_term_string\"}],\"inLanguage\":\"fr-FR\"}]}<\/script>\n<!-- \/ Yoast SEO plugin. -->","yoast_head_json":{"title":"(EN) Chateau Wedding in Paris by Alejandra Poupel events","description":"(EN) Chateau de Chantillu is one of the Exceptional Castle Wedding Venues in France that will dazzle your guests with romance and majestic landscapes","robots":{"index":"index","follow":"follow","max-snippet":"max-snippet:-1","max-image-preview":"max-image-preview:large","max-video-preview":"max-video-preview:-1"},"canonical":"https:\/\/alejandrapoupel.com\/fr\/paris-wedding-locations\/chateau-de-chantilly\/","og_locale":"fr_FR","og_type":"article","og_title":"(EN) Chateau Wedding in Paris by Alejandra Poupel events","og_description":"(EN) Chateau de Chantillu is one of the Exceptional Castle Wedding Venues in France that will dazzle your guests with romance and majestic landscapes","og_url":"https:\/\/alejandrapoupel.com\/fr\/paris-wedding-locations\/chateau-de-chantilly\/","article_publisher":"https:\/\/www.facebook.com\/alejandrapoupelevents\/","article_modified_time":"2022-01-15T17:20:11+00:00","og_image":[{"width":2560,"height":1707,"url":"https:\/\/alejandrapoupel.com\/wp-content\/uploads\/2022\/01\/Chateau-de-Chantilly-Alejandra-Poupel-Events-Top-Wedding-Planner-Paris-11-scaled.jpg","type":"image\/jpeg"}],"twitter_card":"summary_large_image","twitter_misc":{"Dur\u00e9e de lecture estim\u00e9e":"4 minutes"},"schema":{"@context":"https:\/\/schema.org","@graph":[{"@type":"WebPage","@id":"https:\/\/alejandrapoupel.com\/fr\/paris-wedding-locations\/chateau-de-chantilly\/","url":"https:\/\/alejandrapoupel.com\/fr\/paris-wedding-locations\/chateau-de-chantilly\/","name":"(EN) Chateau Wedding in Paris by Alejandra Poupel events","isPartOf":{"@id":"https:\/\/alejandrapoupel.com\/#website"},"datePublished":"2018-09-25T18:13:04+00:00","dateModified":"2022-01-15T17:20:11+00:00","description":"(EN) Chateau de Chantillu is one of the Exceptional Castle Wedding Venues in France that will dazzle your guests with romance and majestic landscapes","breadcrumb":{"@id":"https:\/\/alejandrapoupel.com\/fr\/paris-wedding-locations\/chateau-de-chantilly\/#breadcrumb"},"inLanguage":"fr-FR","potentialAction":[{"@type":"ReadAction","target":["https:\/\/alejandrapoupel.com\/fr\/paris-wedding-locations\/chateau-de-chantilly\/"]}]},{"@type":"BreadcrumbList","@id":"https:\/\/alejandrapoupel.com\/fr\/paris-wedding-locations\/chateau-de-chantilly\/#breadcrumb","itemListElement":[{"@type":"ListItem","position":1,"name":"Accueil","item":"https:\/\/alejandrapoupel.com\/"},{"@type":"ListItem","position":2,"name":"Nos lieux favoris \u00e0 Paris","item":"https:\/\/alejandrapoupel.com\/fr\/paris-wedding-locations\/"},{"@type":"ListItem","position":3,"name":"Ch\u00e2teau de Chantilly"}]},{"@type":"WebSite","@id":"https:\/\/alejandrapoupel.com\/#website","url":"https:\/\/alejandrapoupel.com\/","name":"","description":"Wedding &amp; Events Planner in Paris","potentialAction":[{"@type":"SearchAction","target":{"@type":"EntryPoint","urlTemplate":"https:\/\/alejandrapoupel.com\/?s={search_term_string}"},"query-input":"required name=search_term_string"}],"inLanguage":"fr-FR"}]}},"_links":{"self":[{"href":"https:\/\/alejandrapoupel.com\/fr\/wp-json\/wp\/v2\/pages\/3817","targetHints":{"allow":["GET"]}}],"collection":[{"href":"https:\/\/alejandrapoupel.com\/fr\/wp-json\/wp\/v2\/pages"}],"about":[{"href":"https:\/\/alejandrapoupel.com\/fr\/wp-json\/wp\/v2\/types\/page"}],"author":[{"embeddable":true,"href":"https:\/\/alejandrapoupel.com\/fr\/wp-json\/wp\/v2\/users\/1"}],"replies":[{"embeddable":true,"href":"https:\/\/alejandrapoupel.com\/fr\/wp-json\/wp\/v2\/comments?post=3817"}],"version-history":[{"count":0,"href":"https:\/\/alejandrapoupel.com\/fr\/wp-json\/wp\/v2\/pages\/3817\/revisions"}],"up":[{"embeddable":true,"href":"https:\/\/alejandrapoupel.com\/fr\/wp-json\/wp\/v2\/pages\/3282"}],"wp:featuredmedia":[{"embeddable":true,"href":"https:\/\/alejandrapoupel.com\/fr\/wp-json\/wp\/v2\/media\/8247"}],"wp:attachment":[{"href":"https:\/\/alejandrapoupel.com\/fr\/wp-json\/wp\/v2\/media?parent=3817"}],"wp:term":[{"taxonomy":"post_tag","embeddable":true,"href":"https:\/\/alejandrapoupel.com\/fr\/wp-json\/wp\/v2\/tags?post=3817"}],"curies":[{"name":"wp","href":"https:\/\/api.w.org\/{rel}","templated":true}]}}