{"id":1796,"date":"2017-05-20T16:51:32","date_gmt":"2017-05-20T15:51:32","guid":{"rendered":"https:\/\/alejandrapoupel.com\/?page_id=1796"},"modified":"2020-11-13T16:13:29","modified_gmt":"2020-11-13T15:13:29","slug":"event-planner","status":"publish","type":"page","link":"https:\/\/alejandrapoupel.com\/fr\/event-planner\/","title":{"rendered":"Organisatrice d&rsquo;\u00e9v\u00e9nements au parfum d&rsquo;\u00e9l\u00e9gance et de glamour"},"content":{"rendered":"<p class=\"qtranxs-available-languages-message qtranxs-available-languages-message-fr\">D\u00e9sol\u00e9, cet article est seulement disponible en <a href=\"https:\/\/alejandrapoupel.com\/en\/wp-json\/wp\/v2\/pages\/1796\" class=\"qtranxs-available-language-link qtranxs-available-language-link-en\" title=\"EN\">EN<\/a>.<\/p>","protected":false},"excerpt":{"rendered":"<p>D\u00e9sol\u00e9, cet article est seulement disponible en EN.<\/p>\n","protected":false},"author":1,"featured_media":664,"parent":0,"menu_order":0,"comment_status":"closed","ping_status":"closed","template":"ServiceSingle.php","meta":{"footnotes":""},"tags":[],"class_list":["post-1796","page","type-page","status-publish","has-post-thumbnail","hentry"],"yoast_head":"<!-- This site is optimized with the Yoast SEO plugin v20.10 - https:\/\/yoast.com\/wordpress\/plugins\/seo\/ -->\n<title>Organisatrice d&#039;\u00e9v\u00e9nements au parfum d&#039;\u00e9l\u00e9gance et de glamour  -<\/title>\n<meta name=\"description\" content=\"A la recherche d&#039;une organisatrice d&#039;\u00e9v\u00e9nements pour donner vie \u00e0 vos d\u00e9sirs les plus exigeants ? Alejandra Poupel saura y r\u00e9pondre avec luxe et glamour.\" \/>\n<meta name=\"robots\" content=\"index, follow, max-snippet:-1, max-image-preview:large, max-video-preview:-1\" \/>\n<link rel=\"canonical\" href=\"https:\/\/alejandrapoupel.com\/fr\/event-planner\/\" \/>\n<meta property=\"og:locale\" content=\"fr_FR\" \/>\n<meta property=\"og:type\" content=\"article\" \/>\n<meta property=\"og:title\" content=\"[:en]Event Planner: Event Design\/Scenography\/Production[:fr]Organisatrice d&#039;\u00e9v\u00e9nements au parfum d&#039;\u00e9l\u00e9gance et de glamour [:] -\" \/>\n<meta property=\"og:description\" content=\"A la recherche d&#039;une organisatrice d&#039;\u00e9v\u00e9nements pour donner vie \u00e0 vos d\u00e9sirs les plus exigeants ? Alejandra Poupel saura y r\u00e9pondre avec luxe et glamour.\" \/>\n<meta property=\"og:url\" content=\"https:\/\/alejandrapoupel.com\/fr\/event-planner\/\" \/>\n<meta property=\"article:publisher\" content=\"https:\/\/www.facebook.com\/alejandrapoupelevents\/\" \/>\n<meta property=\"article:modified_time\" content=\"2020-11-13T15:13:29+00:00\" \/>\n<meta property=\"og:image\" content=\"https:\/\/alejandrapoupel.com\/wp-content\/uploads\/2016\/02\/Alejandra-poupel-events-france-event-planner-muliti-alex-1-1.jpg\" \/>\n\t<meta property=\"og:image:width\" content=\"1500\" \/>\n\t<meta property=\"og:image:height\" content=\"1001\" \/>\n\t<meta property=\"og:image:type\" content=\"image\/jpeg\" \/>\n<meta name=\"twitter:card\" content=\"summary_large_image\" \/>\n<meta name=\"twitter:label1\" content=\"Dur\u00e9e de lecture estim\u00e9e\" \/>\n\t<meta name=\"twitter:data1\" content=\"2 minutes\" \/>\n<script type=\"application\/ld+json\" class=\"yoast-schema-graph\">{\"@context\":\"https:\/\/schema.org\",\"@graph\":[{\"@type\":\"WebPage\",\"@id\":\"https:\/\/alejandrapoupel.com\/fr\/event-planner\/\",\"url\":\"https:\/\/alejandrapoupel.com\/fr\/event-planner\/\",\"name\":\"[:en]Event Planner: Event Design\/Scenography\/Production[:fr]Organisatrice d'\u00e9v\u00e9nements au parfum d'\u00e9l\u00e9gance et de glamour [:] -\",\"isPartOf\":{\"@id\":\"https:\/\/alejandrapoupel.com\/#website\"},\"datePublished\":\"2017-05-20T15:51:32+00:00\",\"dateModified\":\"2020-11-13T15:13:29+00:00\",\"description\":\"A la recherche d'une organisatrice d'\u00e9v\u00e9nements pour donner vie \u00e0 vos d\u00e9sirs les plus exigeants ? Alejandra Poupel saura y r\u00e9pondre avec luxe et glamour.\",\"breadcrumb\":{\"@id\":\"https:\/\/alejandrapoupel.com\/fr\/event-planner\/#breadcrumb\"},\"inLanguage\":\"fr-FR\",\"potentialAction\":[{\"@type\":\"ReadAction\",\"target\":[\"https:\/\/alejandrapoupel.com\/fr\/event-planner\/\"]}]},{\"@type\":\"BreadcrumbList\",\"@id\":\"https:\/\/alejandrapoupel.com\/fr\/event-planner\/#breadcrumb\",\"itemListElement\":[{\"@type\":\"ListItem\",\"position\":1,\"name\":\"Accueil\",\"item\":\"https:\/\/alejandrapoupel.com\/\"},{\"@type\":\"ListItem\",\"position\":2,\"name\":\"Organisatrice d&rsquo;\u00e9v\u00e9nements au parfum d&rsquo;\u00e9l\u00e9gance et de glamour\"}]},{\"@type\":\"WebSite\",\"@id\":\"https:\/\/alejandrapoupel.com\/#website\",\"url\":\"https:\/\/alejandrapoupel.com\/\",\"name\":\"\",\"description\":\"Wedding &amp; Events Planner in Paris\",\"potentialAction\":[{\"@type\":\"SearchAction\",\"target\":{\"@type\":\"EntryPoint\",\"urlTemplate\":\"https:\/\/alejandrapoupel.com\/?s={search_term_string}\"},\"query-input\":\"required name=search_term_string\"}],\"inLanguage\":\"fr-FR\"}]}<\/script>\n<!-- \/ Yoast SEO plugin. -->","yoast_head_json":{"title":"[:en]Event Planner: Event Design\/Scenography\/Production[:fr]Organisatrice d'\u00e9v\u00e9nements au parfum d'\u00e9l\u00e9gance et de glamour [:] -","description":"A la recherche d'une organisatrice d'\u00e9v\u00e9nements pour donner vie \u00e0 vos d\u00e9sirs les plus exigeants ? Alejandra Poupel saura y r\u00e9pondre avec luxe et glamour.","robots":{"index":"index","follow":"follow","max-snippet":"max-snippet:-1","max-image-preview":"max-image-preview:large","max-video-preview":"max-video-preview:-1"},"canonical":"https:\/\/alejandrapoupel.com\/fr\/event-planner\/","og_locale":"fr_FR","og_type":"article","og_title":"[:en]Event Planner: Event Design\/Scenography\/Production[:fr]Organisatrice d'\u00e9v\u00e9nements au parfum d'\u00e9l\u00e9gance et de glamour [:] -","og_description":"A la recherche d'une organisatrice d'\u00e9v\u00e9nements pour donner vie \u00e0 vos d\u00e9sirs les plus exigeants ? Alejandra Poupel saura y r\u00e9pondre avec luxe et glamour.","og_url":"https:\/\/alejandrapoupel.com\/fr\/event-planner\/","article_publisher":"https:\/\/www.facebook.com\/alejandrapoupelevents\/","article_modified_time":"2020-11-13T15:13:29+00:00","og_image":[{"width":1500,"height":1001,"url":"https:\/\/alejandrapoupel.com\/wp-content\/uploads\/2016\/02\/Alejandra-poupel-events-france-event-planner-muliti-alex-1-1.jpg","type":"image\/jpeg"}],"twitter_card":"summary_large_image","twitter_misc":{"Dur\u00e9e de lecture estim\u00e9e":"2 minutes"},"schema":{"@context":"https:\/\/schema.org","@graph":[{"@type":"WebPage","@id":"https:\/\/alejandrapoupel.com\/fr\/event-planner\/","url":"https:\/\/alejandrapoupel.com\/fr\/event-planner\/","name":"[:en]Event Planner: Event Design\/Scenography\/Production[:fr]Organisatrice d'\u00e9v\u00e9nements au parfum d'\u00e9l\u00e9gance et de glamour [:] -","isPartOf":{"@id":"https:\/\/alejandrapoupel.com\/#website"},"datePublished":"2017-05-20T15:51:32+00:00","dateModified":"2020-11-13T15:13:29+00:00","description":"A la recherche d'une organisatrice d'\u00e9v\u00e9nements pour donner vie \u00e0 vos d\u00e9sirs les plus exigeants ? Alejandra Poupel saura y r\u00e9pondre avec luxe et glamour.","breadcrumb":{"@id":"https:\/\/alejandrapoupel.com\/fr\/event-planner\/#breadcrumb"},"inLanguage":"fr-FR","potentialAction":[{"@type":"ReadAction","target":["https:\/\/alejandrapoupel.com\/fr\/event-planner\/"]}]},{"@type":"BreadcrumbList","@id":"https:\/\/alejandrapoupel.com\/fr\/event-planner\/#breadcrumb","itemListElement":[{"@type":"ListItem","position":1,"name":"Accueil","item":"https:\/\/alejandrapoupel.com\/"},{"@type":"ListItem","position":2,"name":"Organisatrice d&rsquo;\u00e9v\u00e9nements au parfum d&rsquo;\u00e9l\u00e9gance et de glamour"}]},{"@type":"WebSite","@id":"https:\/\/alejandrapoupel.com\/#website","url":"https:\/\/alejandrapoupel.com\/","name":"","description":"Wedding &amp; Events Planner in Paris","potentialAction":[{"@type":"SearchAction","target":{"@type":"EntryPoint","urlTemplate":"https:\/\/alejandrapoupel.com\/?s={search_term_string}"},"query-input":"required name=search_term_string"}],"inLanguage":"fr-FR"}]}},"_links":{"self":[{"href":"https:\/\/alejandrapoupel.com\/fr\/wp-json\/wp\/v2\/pages\/1796","targetHints":{"allow":["GET"]}}],"collection":[{"href":"https:\/\/alejandrapoupel.com\/fr\/wp-json\/wp\/v2\/pages"}],"about":[{"href":"https:\/\/alejandrapoupel.com\/fr\/wp-json\/wp\/v2\/types\/page"}],"author":[{"embeddable":true,"href":"https:\/\/alejandrapoupel.com\/fr\/wp-json\/wp\/v2\/users\/1"}],"replies":[{"embeddable":true,"href":"https:\/\/alejandrapoupel.com\/fr\/wp-json\/wp\/v2\/comments?post=1796"}],"version-history":[{"count":0,"href":"https:\/\/alejandrapoupel.com\/fr\/wp-json\/wp\/v2\/pages\/1796\/revisions"}],"wp:featuredmedia":[{"embeddable":true,"href":"https:\/\/alejandrapoupel.com\/fr\/wp-json\/wp\/v2\/media\/664"}],"wp:attachment":[{"href":"https:\/\/alejandrapoupel.com\/fr\/wp-json\/wp\/v2\/media?parent=1796"}],"wp:term":[{"taxonomy":"post_tag","embeddable":true,"href":"https:\/\/alejandrapoupel.com\/fr\/wp-json\/wp\/v2\/tags?post=1796"}],"curies":[{"name":"wp","href":"https:\/\/api.w.org\/{rel}","templated":true}]}}